{"id":2,"date":"2014-05-06T12:22:37","date_gmt":"2014-05-06T12:22:37","guid":{"rendered":"http:\/\/pastors-home.de\/?page_id=2"},"modified":"2017-08-05T15:11:50","modified_gmt":"2017-08-05T14:11:50","slug":"sample-page","status":"publish","type":"page","link":"https:\/\/www.pastors-home.de\/?page_id=2","title":{"rendered":"Copyright"},"content":{"rendered":"<p><b>Ein Wort zum Urheberrecht:<\/b><\/p>\n<p>Die Predigten und Texte dieser Seite unterliegen dem deutschen Urheberrecht.<\/p>\n<p><span style=\"color: #339966;\"><b><i><span style=\"color: #008000;\">Das geht in Ordnung:<\/span><br \/>\n<\/i><\/b><\/span>Unbeschadet meiner Rechte an diesen Texten ist es gestattet, diese Predigten als Anregung f\u00fcr eigene Predigten und Ansprachen zu nutzen und als Kanzelrede zu verwenden. Ich freue mich \u00fcber Ihre R\u00fcckmeldungen. Also bedienen Sie sich, lassen Sie sich anregen, und gehen Sie in aller evangelischer Freiheit damit um! Wenn Sie eine komplette Predigt \u00fcbernehmen wollen (oder aus Zeitgr\u00fcnden m\u00fcssen), ist das auch kein Problem &#8211; Sie brauchen dabei auch nicht auf Ihre Quelle verweisen.<\/p>\n<p><span style=\"color: #ff0000;\"><b><i>Das geht nicht in Ordnung:<\/i><\/b><b><i><br \/>\n<\/i><\/b><\/span><span style=\"text-decoration: underline;\">Nicht gestattet<\/span> und mit dem Urheberrecht <span style=\"text-decoration: underline;\">nicht<\/span> vereinbar ist es, diese Predigten oder Ausz\u00fcge daraus ohne meine Zustimmung in eigenen Publikationen zu ver\u00f6ffentlichen (z.B.: Predigtarchive, private oder gemeindliche Homepages, Gemeindebriefe, B\u00fccher &#8211; wundern Sie sich nicht \u00fcber diese Aufz\u00e4hlung: Das ist alles (!) schon passiert).<\/p>\n<p>Wenn Sie also etwas drucken oder auf Ihre Homepage stellen wollen, nehmen Sie mit mir Kontakt auf &#8211; wir finden dann sicher eine gute L\u00f6sung.<\/p>\n<p><em><strong>Rechte der Bibeltexte:<br \/>\n<\/strong><\/em>Lutherbibel, revidiert 2017, \u00a9 2016 Deutsche Bibelgesellschaft, Stuttgart<br \/>\nLutherbibel, revidierter Text 1984, durchgesehene Ausgabe, \u00a9 1999 Deutsche Bibelgesellschaft, Stuttgart<\/p>\n<p>Alexander Seidel<br \/>\nMartin-Luther-Stra\u00dfe 6<br \/>\n91489 Wilhelmsdorf<br \/>\n<a id=\"Text4Link1\" href=\"mailto:webmaster@pastors-home.de\">webmaster@pastors-home.de<\/a><br \/>\nTel: 09104 699<\/p>\n","protected":false},"excerpt":{"rendered":"<p>Ein Wort zum Urheberrecht: Die Predigten und Texte dieser Seite unterliegen dem deutschen Urheberrecht. Das geht in Ordnung: Unbeschadet meiner Rechte an diesen Texten ist es gestattet, diese Predigten als Anregung f\u00fcr eigene Predigten und Ansprachen zu nutzen und als Kanzelrede zu verwenden. Ich freue mich \u00fcber Ihre R\u00fcckmeldungen. Also\u2026 <a class=\"continue-reading-link\" href=\"https:\/\/www.pastors-home.de\/?page_id=2\">ich will weiterlesen<\/a><\/p>\n","protected":false},"author":1,"featured_media":0,"parent":0,"menu_order":0,"comment_status":"open","ping_status":"open","template":"","meta":{"jetpack_post_was_ever_published":false,"footnotes":""},"class_list":["post-2","page","type-page","status-publish","hentry"],"jetpack_sharing_enabled":true,"jetpack_shortlink":"https:\/\/wp.me\/P4BNB2-2","jetpack_likes_enabled":true,"_links":{"self":[{"href":"https:\/\/www.pastors-home.de\/index.php?rest_route=\/wp\/v2\/pages\/2","targetHints":{"allow":["GET"]}}],"collection":[{"href":"https:\/\/www.pastors-home.de\/index.php?rest_route=\/wp\/v2\/pages"}],"about":[{"href":"https:\/\/www.pastors-home.de\/index.php?rest_route=\/wp\/v2\/types\/page"}],"author":[{"embeddable":true,"href":"https:\/\/www.pastors-home.de\/index.php?rest_route=\/wp\/v2\/users\/1"}],"replies":[{"embeddable":true,"href":"https:\/\/www.pastors-home.de\/index.php?rest_route=%2Fwp%2Fv2%2Fcomments&post=2"}],"version-history":[{"count":5,"href":"https:\/\/www.pastors-home.de\/index.php?rest_route=\/wp\/v2\/pages\/2\/revisions"}],"predecessor-version":[{"id":3083,"href":"https:\/\/www.pastors-home.de\/index.php?rest_route=\/wp\/v2\/pages\/2\/revisions\/3083"}],"wp:attachment":[{"href":"https:\/\/www.pastors-home.de\/index.php?rest_route=%2Fwp%2Fv2%2Fmedia&parent=2"}],"curies":[{"name":"wp","href":"https:\/\/api.w.org\/{rel}","templated":true}]}}