{"id":1924,"date":"2014-06-10T17:49:08","date_gmt":"2014-06-10T15:49:08","guid":{"rendered":"http:\/\/pastors-home.de\/?page_id=1924"},"modified":"2014-06-10T19:46:48","modified_gmt":"2014-06-10T17:46:48","slug":"trausprueche","status":"publish","type":"page","link":"https:\/\/www.pastors-home.de\/?page_id=1924","title":{"rendered":"Trauspr\u00fcche"},"content":{"rendered":"<blockquote><p><span style=\"color: #800080;\"><strong>Jemanden<a href=\"https:\/\/i0.wp.com\/pastors-home.de\/wp-content\/uploads\/2014\/06\/hochzeitbanner2.jpg\"><img data-recalc-dims=\"1\" loading=\"lazy\" decoding=\"async\" data-attachment-id=\"1922\" data-permalink=\"https:\/\/www.pastors-home.de\/?attachment_id=1922\" data-orig-file=\"https:\/\/i0.wp.com\/www.pastors-home.de\/wp-content\/uploads\/2014\/06\/hochzeitbanner2.jpg?fit=159%2C600&amp;ssl=1\" data-orig-size=\"159,600\" data-comments-opened=\"1\" data-image-meta=\"{&quot;aperture&quot;:&quot;0&quot;,&quot;credit&quot;:&quot;&quot;,&quot;camera&quot;:&quot;&quot;,&quot;caption&quot;:&quot;&quot;,&quot;created_timestamp&quot;:&quot;0&quot;,&quot;copyright&quot;:&quot;&quot;,&quot;focal_length&quot;:&quot;0&quot;,&quot;iso&quot;:&quot;0&quot;,&quot;shutter_speed&quot;:&quot;0&quot;,&quot;title&quot;:&quot;&quot;,&quot;orientation&quot;:&quot;0&quot;}\" data-image-title=\"hochzeitbanner2\" data-image-description=\"\" data-image-caption=\"\" data-large-file=\"https:\/\/i0.wp.com\/www.pastors-home.de\/wp-content\/uploads\/2014\/06\/hochzeitbanner2.jpg?fit=159%2C600&amp;ssl=1\" class=\"alignright size-full wp-image-1922\" src=\"https:\/\/i0.wp.com\/pastors-home.de\/wp-content\/uploads\/2014\/06\/hochzeitbanner2.jpg?resize=159%2C600\" alt=\"hochzeitbanner2\" width=\"159\" height=\"600\" srcset=\"https:\/\/i0.wp.com\/www.pastors-home.de\/wp-content\/uploads\/2014\/06\/hochzeitbanner2.jpg?w=159&amp;ssl=1 159w, https:\/\/i0.wp.com\/www.pastors-home.de\/wp-content\/uploads\/2014\/06\/hochzeitbanner2.jpg?resize=40%2C150&amp;ssl=1 40w\" sizes=\"auto, (max-width: 159px) 100vw, 159px\" \/><\/a> lieben hei\u00dft, <\/strong><\/span><br \/>\n<span style=\"color: #800080;\"><strong>als einziger ein f\u00fcr die Anderen unsichtbares <\/strong><\/span><br \/>\n<span style=\"color: #800080;\"><strong>Wunder sehen.<\/strong><\/span><br \/>\n<span style=\"color: #800080;\"><strong>(Francois Mauriac)<br \/>\n<\/strong>Hier finden Sie nach Themen sortierte Trauspr\u00fcche. Au\u00dferdem empfehle ich Ihnen, einmal einen Blick auf <a href=\"http:\/\/www.trauspruch.de\" target=\"_blank\">Trauspruch.de<\/a> zu werfen.<strong><br \/>\n<\/strong><\/span><\/p><\/blockquote>\n<p><strong>Thema Liebe<\/strong><\/p>\n<p>Nun bleiben aber Glaube, Hoffnung, Liebe, diese drei; aber die Liebe ist die gr\u00f6\u00dfte unter ihnen. 1. Korinther 13, 13<\/p>\n<p>Alle Eure Dinge la\u00dft in der Liebe geschehen. 1. Korinther 16, 14<\/p>\n<p>Die Liebe ist stark wie der Tod und Leidenschaft unwiderstehlich wie das Totenreich. Ihre Glut ist feurig und eine Flamme des Herrn. Hoheslied 8, 6<\/p>\n<p>\u00dcber alles aber zieht an die Liebe, die da ist das Band der Vollkommenheit. Kolosser 3, 14<\/p>\n<p>Meine Kinder, la\u00dft uns nicht lieben mit Worten noch mit der Zunge, sondern mit der Tat und mit der Wahrheit. 1. Johannes 3, 18<\/p>\n<p>Gott ist Liebe; und wer in der Liebe bleibt, der bleibt in Gott und Gott in ihm. 1. Johannes 4, 16<\/p>\n<p><strong>Thema Freude<\/strong><\/p>\n<p>Denn ihr sollt in Freuden ausziehen und im Frieden geleitet werden. Jesaja 55, 12<\/p>\n<p>Euer Herz soll sich freuen, und eure Freude soll niemand von Euch nehmen. Johannes 16,22<\/p>\n<p>Thema Geborgenheit<\/p>\n<p>Wirf dein Anliegen auf den Herrn, der wird dich versorgen. Jesaja 55, 23<\/p>\n<p>Wie k\u00f6stlich ist deine G\u00fcte Gott, da\u00df Menschenkinder unter dem Schatten deiner Fl\u00fcgel Zuflucht haben. Psalm 36, 8<\/p>\n<p>Gottes Barmherzigkeit hat noch kein Ende, sondern sie ist alle Morgen neu. Klagelieder 3, 22-23<\/p>\n<p>Des Herrn Rat ist wunderbar, und er f\u00fchrt es herrlich hinaus. Jesaja 28, 29<\/p>\n<p>Denn Gott der Herr ist Sonne und Schild; der Herr gibt Gnade und Ehre. Psalm 84, 12<\/p>\n<p>Du tust mir kund den Weg zum Leben: Vor dir ist Freude die F\u00fclle. Psalm 16, 11<\/p>\n<p>Dennoch bleibe ich stets an dir; denn du h\u00e4ltst mich bei meiner rechten Hand. Psalm 73, 23<\/p>\n<p>Von allen Seiten umgibst du mich und h\u00e4ltst deine Hand \u00fcber mir. Psalm 139, 5<\/p>\n<p>Der Herr ist treu, er wird euch st\u00e4rken und bewahren vor dem B\u00f6sen. 2. Thessalonicher 3 ,3<\/p>\n<p>Gott spricht: Ich will dich nicht verlassen noch von dir weichen. Sei getrost und unverzagt. Josua 1, 5-6<\/p>\n<p>Denn deine Gnade reicht, so weit der Himmel ist, und deine Treue, so weit die Wolken gehen. Psalm 108, 5<\/p>\n<p><strong>Thema: Miteinander<\/strong><\/p>\n<p>Dienet einander, ein jeder mit der Gabe, die er empfangen hat, als die guten Haushalter der mancherlei Gnade Gottes. 1. Petrus 4, 10<\/p>\n<p>Seid fr\u00f6hlich in Hoffnung, geduldig in Tr\u00fcbsal, beharrlich im Gebet. R\u00f6mer 12, 12<\/p>\n<p>So ist&#8217;s ja besser zu zweien als allein; denn sie haben guten Lohn f\u00fcr ihre M\u00fche. F\u00e4llt einer von ihnen, so hilft ihm sein Gesell auf. Wehe dem, der allein ist, wenn er f\u00e4llt! Dann ist kein anderer da, der ihm aufhilft. Auch, wenn zwei beieinander liegen, w\u00e4rmen sie sich; wie kann ein einzelner warm werden? Prediger Salomo 4; 9 &#8211; 11<\/p>\n<p><strong>Thema: Gottes Hilfe<\/strong><\/p>\n<p>Es ist dem Herrn nicht schwer, durch viel oder wenig zu helfen. 1. Samuel 14, 6<\/p>\n<p>Wir wissen, da\u00df denen, die Gott lieben, alle Dinge zum Besten dienen.<br \/>\nR\u00f6mer 8, 28<\/p>\n<p>Gott st\u00e4rkt mich mit Kraft und weist mir den rechten Weg. 2. Samuel 22, 33<br \/>\nEiner mag fallen, zwei m\u00f6gen widerstehen, aber eine dreif\u00e4ltige Schnur rei\u00dft nicht.<br \/>\nPrediger 4,12<\/p>\n","protected":false},"excerpt":{"rendered":"<p>Jemanden lieben hei\u00dft, als einziger ein f\u00fcr die Anderen unsichtbares Wunder sehen. (Francois Mauriac) Hier finden Sie nach Themen sortierte Trauspr\u00fcche. Au\u00dferdem empfehle ich Ihnen, einmal einen Blick auf Trauspruch.de zu werfen. Thema Liebe Nun bleiben aber Glaube, Hoffnung, Liebe, diese drei; aber die Liebe ist die gr\u00f6\u00dfte unter ihnen.\u2026 <a class=\"continue-reading-link\" href=\"https:\/\/www.pastors-home.de\/?page_id=1924\">ich will weiterlesen<\/a><\/p>\n","protected":false},"author":1,"featured_media":0,"parent":0,"menu_order":0,"comment_status":"open","ping_status":"open","template":"","meta":{"jetpack_post_was_ever_published":false,"footnotes":""},"class_list":["post-1924","page","type-page","status-publish","hentry"],"jetpack_sharing_enabled":true,"jetpack_shortlink":"https:\/\/wp.me\/P4BNB2-v2","jetpack_likes_enabled":true,"_links":{"self":[{"href":"https:\/\/www.pastors-home.de\/index.php?rest_route=\/wp\/v2\/pages\/1924","targetHints":{"allow":["GET"]}}],"collection":[{"href":"https:\/\/www.pastors-home.de\/index.php?rest_route=\/wp\/v2\/pages"}],"about":[{"href":"https:\/\/www.pastors-home.de\/index.php?rest_route=\/wp\/v2\/types\/page"}],"author":[{"embeddable":true,"href":"https:\/\/www.pastors-home.de\/index.php?rest_route=\/wp\/v2\/users\/1"}],"replies":[{"embeddable":true,"href":"https:\/\/www.pastors-home.de\/index.php?rest_route=%2Fwp%2Fv2%2Fcomments&post=1924"}],"version-history":[{"count":3,"href":"https:\/\/www.pastors-home.de\/index.php?rest_route=\/wp\/v2\/pages\/1924\/revisions"}],"predecessor-version":[{"id":1940,"href":"https:\/\/www.pastors-home.de\/index.php?rest_route=\/wp\/v2\/pages\/1924\/revisions\/1940"}],"wp:attachment":[{"href":"https:\/\/www.pastors-home.de\/index.php?rest_route=%2Fwp%2Fv2%2Fmedia&parent=1924"}],"curies":[{"name":"wp","href":"https:\/\/api.w.org\/{rel}","templated":true}]}}