{"id":1732,"date":"2014-06-05T08:31:40","date_gmt":"2014-06-05T06:31:40","guid":{"rendered":"http:\/\/pastors-home.de\/?page_id=1732"},"modified":"2014-06-05T08:35:58","modified_gmt":"2014-06-05T06:35:58","slug":"andachten-auf-charivari-98-6-in-nuernberg","status":"publish","type":"page","link":"https:\/\/www.pastors-home.de\/?page_id=1732","title":{"rendered":"Andachten auf Charivari 98.6 in N\u00fcrnberg"},"content":{"rendered":"<p>Seit 1986 sendet Charivari aus N\u00fcrnberg. Die Zielgruppe sind 40- bis 60j\u00e4hrige in Gro\u00dfraum N\u00fcrnberg-F\u00fcrth-Erlangen. Inzwischen hei\u00dft der Sender &#8222;<a href=\"http:\/\/www.charivari986.de\/charivari986.de\/index.php\" target=\"_blank\">das neue Charivari 98.6<\/a>&#8222;.<\/p>\n<p>Von Anfang an waren die evangelischen Radioandachten ein fester Programmbestandteil. Pfarrer Christian G\u00f6tzger, ein echtes Radio-Urgestein, lieferte bis zum Jahr 2009 t\u00e4glich seine markanten und interessanten Andachten f\u00fcr Charivari.<\/p>\n<p>Nach seinem Ruhestand haben wir als kleines Team fr\u00e4nkischer Pfarrerinnen und Pfarrern seine Nachfolge angetreten und gestalten im w\u00f6chtenlichen Wechsel die Andacht &#8222;Gut in den Tag&#8220;, die Mo-Fr kurz vor 6 Uhr l\u00e4uft, am Samstag eine Stunde sp\u00e4ter.<\/p>\n<p>Zu unserem Team geh\u00f6ren:<br \/>\nKatharina Kemnitzer<br \/>\nLisa Meyer zu H\u00f6rste<br \/>\nFrank Nie<br \/>\nund Alexander Seidel<\/p>\n<p>&nbsp;<\/p>\n<p>Ich selbst produziere seit den 90er Jahren Radioandachten. Zun\u00e4chst f\u00fcr Camillo 92.9, sp\u00e4ter f\u00fcr Radio 8 in Ansbach und Radio Bamberg, und seit 2009 eben auch f\u00fcr Charivari.<\/p>\n","protected":false},"excerpt":{"rendered":"<p>Seit 1986 sendet Charivari aus N\u00fcrnberg. Die Zielgruppe sind 40- bis 60j\u00e4hrige in Gro\u00dfraum N\u00fcrnberg-F\u00fcrth-Erlangen. Inzwischen hei\u00dft der Sender &#8222;das neue Charivari 98.6&#8222;. Von Anfang an waren die evangelischen Radioandachten ein fester Programmbestandteil. Pfarrer Christian G\u00f6tzger, ein echtes Radio-Urgestein, lieferte bis zum Jahr 2009 t\u00e4glich seine markanten und interessanten Andachten\u2026 <a class=\"continue-reading-link\" href=\"https:\/\/www.pastors-home.de\/?page_id=1732\">ich will weiterlesen<\/a><\/p>\n","protected":false},"author":1,"featured_media":0,"parent":0,"menu_order":0,"comment_status":"open","ping_status":"open","template":"","meta":{"jetpack_post_was_ever_published":false,"footnotes":""},"class_list":["post-1732","page","type-page","status-publish","hentry"],"jetpack_sharing_enabled":true,"jetpack_shortlink":"https:\/\/wp.me\/P4BNB2-rW","jetpack_likes_enabled":true,"_links":{"self":[{"href":"https:\/\/www.pastors-home.de\/index.php?rest_route=\/wp\/v2\/pages\/1732","targetHints":{"allow":["GET"]}}],"collection":[{"href":"https:\/\/www.pastors-home.de\/index.php?rest_route=\/wp\/v2\/pages"}],"about":[{"href":"https:\/\/www.pastors-home.de\/index.php?rest_route=\/wp\/v2\/types\/page"}],"author":[{"embeddable":true,"href":"https:\/\/www.pastors-home.de\/index.php?rest_route=\/wp\/v2\/users\/1"}],"replies":[{"embeddable":true,"href":"https:\/\/www.pastors-home.de\/index.php?rest_route=%2Fwp%2Fv2%2Fcomments&post=1732"}],"version-history":[{"count":3,"href":"https:\/\/www.pastors-home.de\/index.php?rest_route=\/wp\/v2\/pages\/1732\/revisions"}],"predecessor-version":[{"id":1736,"href":"https:\/\/www.pastors-home.de\/index.php?rest_route=\/wp\/v2\/pages\/1732\/revisions\/1736"}],"wp:attachment":[{"href":"https:\/\/www.pastors-home.de\/index.php?rest_route=%2Fwp%2Fv2%2Fmedia&parent=1732"}],"curies":[{"name":"wp","href":"https:\/\/api.w.org\/{rel}","templated":true}]}}