{"id":1584,"date":"2014-06-02T14:05:37","date_gmt":"2014-06-02T12:05:37","guid":{"rendered":"http:\/\/pastors-home.de\/?page_id=1584"},"modified":"2016-10-01T22:23:15","modified_gmt":"2016-10-01T21:23:15","slug":"finden-leicht-gemacht","status":"publish","type":"page","link":"https:\/\/www.pastors-home.de\/?page_id=1584","title":{"rendered":"Finden leicht gemacht"},"content":{"rendered":"<p><strong>Sie brauchen Hilfe beim Zurechtfinden auf der neuen Seite von pastors-home? Hier ein paar Tipps:<\/strong><\/p>\n<p><strong>Suche nach Bibelstellen:<\/strong><br \/>\nGeben Sie im Suchfenster (rechts oben auf jeder Seite) das biblische Buch an. Jede Predigt ist \u00fcber die Kurzform (Jes, Jer, Apg) und \u00fcber die Langform des Buches indiziert. Allerdings werden auch Texte erscheinen, in denen der betreffende Suchbegriff nur so vorkommt.<\/p>\n<p><strong>Suche \u00fcber Feste des Kirchenjahres<br \/>\n<\/strong>Unter dem Men\u00fc &#8222;Predigten&#8220; befindet sich ein Untermen\u00fc &#8222;nach Anlass&#8220; &#8211; Dort finden sie die wichtigsten Feste des Kirchenjahres.<\/p>\n<p><strong>Suche nach Themenpredigten, Liedpredigten und Symbolpredigten:<br \/>\n<\/strong>Unter dem Men\u00fc &#8222;Predigten&#8220; finden Sie im\u00a0 Untermen\u00fc diese Predigten separat aufgelistet.<\/p>\n<p><strong>Pfarrerblog<\/strong><br \/>\nMit dem Klick auf das &#8222;Blog&#8220;-Men\u00fc erhalten Sie alle Blogeintr\u00e4ge im der gewohnten Sortierung von neu nach alt. Sie k\u00f6nnen \u00fcber das Untermen\u00fc auch einzelne Jahre w\u00e4hlen.<\/p>\n<p><strong>Radioandachten<br \/>\n<\/strong>Die Andachten sind jeweils als Wochen-Paket zusammengestellt. Chronologisch von den neuesten bis zu den \u00e4ltesten aus den Mai 2009.<\/p>\n<p>&nbsp;<\/p>\n<p>&nbsp;<\/p>\n<p>&nbsp;<\/p>\n<p>&nbsp;<\/p>\n<p>&nbsp;<\/p>\n<p>&nbsp;<\/p>\n<p>&nbsp;<\/p>\n<p>&nbsp;<\/p>\n","protected":false},"excerpt":{"rendered":"<p>Sie brauchen Hilfe beim Zurechtfinden auf der neuen Seite von pastors-home? Hier ein paar Tipps: Suche nach Bibelstellen: Geben Sie im Suchfenster (rechts oben auf jeder Seite) das biblische Buch an. Jede Predigt ist \u00fcber die Kurzform (Jes, Jer, Apg) und \u00fcber die Langform des Buches indiziert. Allerdings werden auch\u2026 <a class=\"continue-reading-link\" href=\"https:\/\/www.pastors-home.de\/?page_id=1584\">ich will weiterlesen<\/a><\/p>\n","protected":false},"author":1,"featured_media":0,"parent":0,"menu_order":0,"comment_status":"open","ping_status":"open","template":"","meta":{"jetpack_post_was_ever_published":false,"footnotes":""},"class_list":["post-1584","page","type-page","status-publish","hentry"],"jetpack_sharing_enabled":true,"jetpack_shortlink":"https:\/\/wp.me\/P4BNB2-py","jetpack_likes_enabled":true,"_links":{"self":[{"href":"https:\/\/www.pastors-home.de\/index.php?rest_route=\/wp\/v2\/pages\/1584","targetHints":{"allow":["GET"]}}],"collection":[{"href":"https:\/\/www.pastors-home.de\/index.php?rest_route=\/wp\/v2\/pages"}],"about":[{"href":"https:\/\/www.pastors-home.de\/index.php?rest_route=\/wp\/v2\/types\/page"}],"author":[{"embeddable":true,"href":"https:\/\/www.pastors-home.de\/index.php?rest_route=\/wp\/v2\/users\/1"}],"replies":[{"embeddable":true,"href":"https:\/\/www.pastors-home.de\/index.php?rest_route=%2Fwp%2Fv2%2Fcomments&post=1584"}],"version-history":[{"count":4,"href":"https:\/\/www.pastors-home.de\/index.php?rest_route=\/wp\/v2\/pages\/1584\/revisions"}],"predecessor-version":[{"id":2792,"href":"https:\/\/www.pastors-home.de\/index.php?rest_route=\/wp\/v2\/pages\/1584\/revisions\/2792"}],"wp:attachment":[{"href":"https:\/\/www.pastors-home.de\/index.php?rest_route=%2Fwp%2Fv2%2Fmedia&parent=1584"}],"curies":[{"name":"wp","href":"https:\/\/api.w.org\/{rel}","templated":true}]}}